{"id":8,"date":"2018-01-05T12:09:42","date_gmt":"2018-01-05T11:09:42","guid":{"rendered":"http:\/\/foto.bastl.sk\/?page_id=8"},"modified":"2018-01-05T12:09:42","modified_gmt":"2018-01-05T11:09:42","slug":"o-stranke","status":"publish","type":"page","link":"https:\/\/foto.bastl.sk\/?page_id=8","title":{"rendered":"O str\u00e1nke"},"content":{"rendered":"<p>M\u00f4\u017eete by\u0165 umelec, ktor\u00fd r\u00e1d predstav\u00ed seba a svoju pr\u00e1cu alebo ste firma s misiou na op\u00edsanie. <\/p>\n","protected":false},"excerpt":{"rendered":"<p>M\u00f4\u017eete by\u0165 umelec, ktor\u00fd r\u00e1d predstav\u00ed seba a svoju pr\u00e1cu alebo ste firma s misiou na op\u00edsanie.<\/p>\n","protected":false},"author":1,"featured_media":5,"parent":0,"menu_order":0,"comment_status":"closed","ping_status":"closed","template":"","meta":{"footnotes":""},"class_list":["post-8","page","type-page","status-publish","has-post-thumbnail","hentry"],"_links":{"self":[{"href":"https:\/\/foto.bastl.sk\/index.php?rest_route=\/wp\/v2\/pages\/8","targetHints":{"allow":["GET"]}}],"collection":[{"href":"https:\/\/foto.bastl.sk\/index.php?rest_route=\/wp\/v2\/pages"}],"about":[{"href":"https:\/\/foto.bastl.sk\/index.php?rest_route=\/wp\/v2\/types\/page"}],"author":[{"embeddable":true,"href":"https:\/\/foto.bastl.sk\/index.php?rest_route=\/wp\/v2\/users\/1"}],"replies":[{"embeddable":true,"href":"https:\/\/foto.bastl.sk\/index.php?rest_route=%2Fwp%2Fv2%2Fcomments&post=8"}],"version-history":[{"count":1,"href":"https:\/\/foto.bastl.sk\/index.php?rest_route=\/wp\/v2\/pages\/8\/revisions"}],"predecessor-version":[{"id":14,"href":"https:\/\/foto.bastl.sk\/index.php?rest_route=\/wp\/v2\/pages\/8\/revisions\/14"}],"wp:featuredmedia":[{"embeddable":true,"href":"https:\/\/foto.bastl.sk\/index.php?rest_route=\/wp\/v2\/media\/5"}],"wp:attachment":[{"href":"https:\/\/foto.bastl.sk\/index.php?rest_route=%2Fwp%2Fv2%2Fmedia&parent=8"}],"curies":[{"name":"wp","href":"https:\/\/api.w.org\/{rel}","templated":true}]}}